{"id":4034,"date":"2025-06-01T11:12:12","date_gmt":"2025-06-01T14:12:12","guid":{"rendered":"https:\/\/saintex.com.br\/?post_type=product&#038;p=4034"},"modified":"2025-06-02T16:06:26","modified_gmt":"2025-06-02T19:06:26","slug":"retratutida-3ml-15mg","status":"publish","type":"product","link":"https:\/\/saintex.com.br\/index.php\/produto\/retratutida-3ml-15mg\/","title":{"rendered":"Retratutida 3ml\/15mg"},"content":{"rendered":"<p>A Retatrutida \u00e9 uma medica\u00e7\u00e3o inovadora desenvolvida para o tratamento da obesidade e do diabetes tipo 2.<\/p>\n<p>Ela \u00e9 um triplo agonista de receptores hormonais, estimulando os receptores dos horm\u00f4nios GIP (Pept\u00eddeo Inibidor G\u00e1strico), GLP-1 (Pept\u00eddeo 1 Semelhante ao Glucagon) e glucagon.<\/p>\n<p>Essa combina\u00e7\u00e3o \u00fanica de a\u00e7\u00e3o tem o objetivo de proporcionar um controle mais abrangente do metabolismo energ\u00e9tico e do controle da glicose no sangue.<\/p>\n<p>Diante disso, observamos redu\u00e7\u00e3o do apetite, aumento da taxa metab\u00f3lica e, consequentemente, perda de peso em pacientes acima do peso.<\/p>\n<p>Ademais, a ativa\u00e7\u00e3o dos receptores GIP e GLP-1 tamb\u00e9m promove a libera\u00e7\u00e3o adequada de insulina e o aumento da sensibilidade \u00e0 insulina no tecido perif\u00e9rico, tornando a Retatrutida uma promessa no tratamento do diabetes tipo 2.<\/p>\n<p>O estudo cl\u00ednico fase II &#8220;foi conduzido para avaliar a efic\u00e1cia e seguran\u00e7a da Retatrutida no tratamento da obesidade.<\/p>\n<p>Participaram do estudo mais de 300 indiv\u00edduos adultos sem diabetes e com obesidade ou sobrepeso, que receberam doses variadas de Retatrutida subcut\u00e2nea semanal ou placebo durante um per\u00edodo de 48 semanas.<\/p>\n<p>Os resultados demonstraram que os pacientes tratados com Retatrutida apresentaram uma perda significativa de peso em compara\u00e7\u00e3o com o grupo placebo.<\/p>\n<p>Nesse caso, observou-se uma m\u00e9dia de perda de peso de 24,2 % do peso inicial nos pacientes tratados com a dose mais efetiva de Retatrutida.<\/p>\n<p>&lt;span class=&#8221;&#8221;&gt;Essa perda de 24,2% no intervalo de 48 semanas de tratamento com Retatrutida 12mg semanal nunca havia sido observada com outros tratamentos medicamentosos para obesidade.&lt;\/span&gt;<\/p>\n<p>Inclusive, a perda de peso ficou muito pr\u00f3xima \u00e0 observada com a cirurgia bari\u00e1trica.<\/p>\n","protected":false},"excerpt":{"rendered":"<p>A Retatrutida \u00e9 uma medica\u00e7\u00e3o inovadora desenvolvida para o tratamento da obesidade e do diabetes tipo 2. Ela \u00e9 um triplo agonista de receptores hormonais, estimulando os receptores dos horm\u00f4nios GIP (Pept\u00eddeo Inibidor G\u00e1strico), GLP-1 (Pept\u00eddeo 1 Semelhante ao Glucagon) e glucagon. Essa combina\u00e7\u00e3o \u00fanica de a\u00e7\u00e3o tem o objetivo de proporcionar um controle mais abrangente do metabolismo energ\u00e9tico e do controle da glicose no sangue. Diante disso, observamos redu\u00e7\u00e3o do apetite, aumento da taxa metab\u00f3lica e, consequentemente, perda de peso em pacientes acima do peso. Ademais, a ativa\u00e7\u00e3o dos receptores GIP e GLP-1 tamb\u00e9m promove a libera\u00e7\u00e3o adequada de insulina e o aumento da sensibilidade \u00e0 insulina no tecido perif\u00e9rico, tornando a Retatrutida uma promessa no tratamento do diabetes tipo 2. O estudo cl\u00ednico fase II &#8220;foi conduzido para avaliar a efic\u00e1cia e seguran\u00e7a da Retatrutida no tratamento da obesidade. Participaram do estudo mais de 300 indiv\u00edduos adultos sem diabetes e com obesidade ou sobrepeso, que receberam doses variadas de Retatrutida subcut\u00e2nea semanal ou placebo durante um per\u00edodo de 48 semanas. Os resultados demonstraram que os pacientes tratados com Retatrutida apresentaram uma perda significativa de peso em compara\u00e7\u00e3o com o grupo placebo. Nesse caso, observou-se uma m\u00e9dia de perda de peso de 24,2 % do peso inicial nos pacientes tratados com a dose mais efetiva de Retatrutida. &lt;span class=&#8221;&#8221;&gt;Essa perda de 24,2% no intervalo de 48 semanas de tratamento com Retatrutida 12mg semanal nunca havia sido observada com outros tratamentos medicamentosos para obesidade.&lt;\/span&gt; Inclusive, a perda de peso ficou muito pr\u00f3xima \u00e0 observada com a cirurgia bari\u00e1trica.<\/p>\n","protected":false},"featured_media":4129,"template":"","meta":{"_uag_custom_page_level_css":"","site-sidebar-layout":"default","site-content-layout":"","ast-site-content-layout":"default","site-content-style":"default","site-sidebar-style":"default","ast-global-header-display":"","ast-banner-title-visibility":"","ast-main-header-display":"","ast-hfb-above-header-display":"","ast-hfb-below-header-display":"","ast-hfb-mobile-header-display":"","site-post-title":"","ast-breadcrumbs-content":"","ast-featured-img":"","footer-sml-layout":"","ast-disable-related-posts":"","theme-transparent-header-meta":"default","adv-header-id-meta":"","stick-header-meta":"","header-above-stick-meta":"","header-main-stick-meta":"","header-below-stick-meta":"","astra-migrate-meta-layouts":"set","ast-page-background-enabled":"default","ast-page-background-meta":{"desktop":{"background-color":"var(--ast-global-color-4)","background-image":"","background-repeat":"repeat","background-position":"center center","background-size":"auto","background-attachment":"scroll","background-type":"","background-media":"","overlay-type":"","overlay-color":"","overlay-opacity":"","overlay-gradient":""},"tablet":{"background-color":"","background-image":"","background-repeat":"repeat","background-position":"center center","background-size":"auto","background-attachment":"scroll","background-type":"","background-media":"","overlay-type":"","overlay-color":"","overlay-opacity":"","overlay-gradient":""},"mobile":{"background-color":"","background-image":"","background-repeat":"repeat","background-position":"center center","background-size":"auto","background-attachment":"scroll","background-type":"","background-media":"","overlay-type":"","overlay-color":"","overlay-opacity":"","overlay-gradient":""}},"ast-content-background-meta":{"desktop":{"background-color":"var(--ast-global-color-5)","background-image":"","background-repeat":"repeat","background-position":"center center","background-size":"auto","background-attachment":"scroll","background-type":"","background-media":"","overlay-type":"","overlay-color":"","overlay-opacity":"","overlay-gradient":""},"tablet":{"background-color":"var(--ast-global-color-5)","background-image":"","background-repeat":"repeat","background-position":"center center","background-size":"auto","background-attachment":"scroll","background-type":"","background-media":"","overlay-type":"","overlay-color":"","overlay-opacity":"","overlay-gradient":""},"mobile":{"background-color":"var(--ast-global-color-5)","background-image":"","background-repeat":"repeat","background-position":"center center","background-size":"auto","background-attachment":"scroll","background-type":"","background-media":"","overlay-type":"","overlay-color":"","overlay-opacity":"","overlay-gradient":""}}},"product_brand":[],"product_cat":[61],"product_tag":[],"class_list":{"0":"post-4034","1":"product","2":"type-product","3":"status-publish","4":"has-post-thumbnail","6":"product_cat-emag-enzim","7":"desktop-align-center","8":"tablet-align-left","9":"mobile-align-left","11":"first","12":"instock","13":"shipping-taxable","14":"purchasable","15":"product-type-simple"},"uagb_featured_image_src":{"full":["https:\/\/saintex.com.br\/wp-content\/uploads\/2025\/06\/7.jpg",819,1024,false],"thumbnail":["https:\/\/saintex.com.br\/wp-content\/uploads\/2025\/06\/7-150x150.jpg",150,150,true],"medium":["https:\/\/saintex.com.br\/wp-content\/uploads\/2025\/06\/7-240x300.jpg",240,300,true],"medium_large":["https:\/\/saintex.com.br\/wp-content\/uploads\/2025\/06\/7-768x960.jpg",768,960,true],"large":["https:\/\/saintex.com.br\/wp-content\/uploads\/2025\/06\/7.jpg",819,1024,false],"1536x1536":["https:\/\/saintex.com.br\/wp-content\/uploads\/2025\/06\/7.jpg",819,1024,false],"2048x2048":["https:\/\/saintex.com.br\/wp-content\/uploads\/2025\/06\/7.jpg",819,1024,false],"woocommerce_thumbnail":["https:\/\/saintex.com.br\/wp-content\/uploads\/2025\/06\/7-400x500.jpg",400,500,true],"woocommerce_single":["https:\/\/saintex.com.br\/wp-content\/uploads\/2025\/06\/7-600x750.jpg",600,750,true],"woocommerce_gallery_thumbnail":["https:\/\/saintex.com.br\/wp-content\/uploads\/2025\/06\/7-100x100.jpg",100,100,true]},"uagb_author_info":{"display_name":"SAINTEX OFICIAL","author_link":"https:\/\/saintex.com.br\/index.php\/author\/"},"uagb_comment_info":0,"uagb_excerpt":"A Retatrutida \u00e9 uma medica\u00e7\u00e3o inovadora desenvolvida para o tratamento da obesidade e do diabetes tipo 2. Ela \u00e9 um triplo agonista de receptores hormonais, estimulando os receptores dos horm\u00f4nios GIP (Pept\u00eddeo Inibidor G\u00e1strico), GLP-1 (Pept\u00eddeo 1 Semelhante ao Glucagon) e glucagon. Essa combina\u00e7\u00e3o \u00fanica de a\u00e7\u00e3o tem o objetivo de proporcionar um controle mais&hellip;","_links":{"self":[{"href":"https:\/\/saintex.com.br\/index.php\/wp-json\/wp\/v2\/product\/4034","targetHints":{"allow":["GET"]}}],"collection":[{"href":"https:\/\/saintex.com.br\/index.php\/wp-json\/wp\/v2\/product"}],"about":[{"href":"https:\/\/saintex.com.br\/index.php\/wp-json\/wp\/v2\/types\/product"}],"version-history":[{"count":1,"href":"https:\/\/saintex.com.br\/index.php\/wp-json\/wp\/v2\/product\/4034\/revisions"}],"predecessor-version":[{"id":4035,"href":"https:\/\/saintex.com.br\/index.php\/wp-json\/wp\/v2\/product\/4034\/revisions\/4035"}],"wp:featuredmedia":[{"embeddable":true,"href":"https:\/\/saintex.com.br\/index.php\/wp-json\/wp\/v2\/media\/4129"}],"wp:attachment":[{"href":"https:\/\/saintex.com.br\/index.php\/wp-json\/wp\/v2\/media?parent=4034"}],"wp:term":[{"taxonomy":"product_brand","embeddable":true,"href":"https:\/\/saintex.com.br\/index.php\/wp-json\/wp\/v2\/product_brand?post=4034"},{"taxonomy":"product_cat","embeddable":true,"href":"https:\/\/saintex.com.br\/index.php\/wp-json\/wp\/v2\/product_cat?post=4034"},{"taxonomy":"product_tag","embeddable":true,"href":"https:\/\/saintex.com.br\/index.php\/wp-json\/wp\/v2\/product_tag?post=4034"}],"curies":[{"name":"wp","href":"https:\/\/api.w.org\/{rel}","templated":true}]}}