{"id":3981,"date":"2025-06-01T10:20:09","date_gmt":"2025-06-01T13:20:09","guid":{"rendered":"https:\/\/saintex.com.br\/?post_type=product&#038;p=3981"},"modified":"2025-06-02T16:19:04","modified_gmt":"2025-06-02T19:19:04","slug":"caveirinha-90cps","status":"publish","type":"product","link":"https:\/\/saintex.com.br\/index.php\/produto\/caveirinha-90cps\/","title":{"rendered":"Caveirinha 90cps"},"content":{"rendered":"<p>CAVEIRINHA FORMULA EMAGRECEDORA<\/p>\n<p>FEMPROPOREX- 25MG<br \/>\nANFERPRAMONA- 75MG<br \/>\nHIDROCLOROTIAZIDA -10MG<\/p>\n<p>COMO DEVO TOMAR O CAVEIRINHA ?<\/p>\n<p>2 C\u00e1psula do pote maior de manh\u00e3<br \/>\n1 C\u00e1psula do pote menor a tarde<\/p>\n<p>SINTOMAS INICIAIS<\/p>\n<p>Suor excessiveis<br \/>\nPequenas tremedeiras<br \/>\nAgita\u00e7\u00e3o .<\/p>\n<p>femproporex uma subst\u00e2ncia que atua no sistema nervoso central e diminui o apetite, ao mesmo tempo que causa uma altera\u00e7\u00e3o do sabor, o que leva \u00e0 diminui\u00e7\u00e3o da ingest\u00e3o de alimentos e facilita o emagrecimento.<\/p>\n<p>A ANFEPRAMONA Cloridrato), tamb\u00e9m conhecida como dietilpropiona, \u00e9 um f\u00e1rmaco anorexigenos, auxiliar no tratamento da obesidade. Possui atividade similar mais de menor pot\u00eancia estimulante a anfetamina e Trata-se de uma amina simp\u00e1ticomimetica. Estudos sugerem que este medicamento e o mais potente para o tratamento da obesidade, proporcionando perdas de peso em 84 dias, numa faixa de 9,7 a 17,5 kg.<\/p>\n<p>E dessa forma que o uso da ANFEPRAMONA emagrece:<br \/>\nBasicamente a droga atua estimulando a libera\u00e7\u00e3o de dopamina e serotonina, bem como a noradrenalina. Esses horm\u00f4nios causam uma diminui\u00e7\u00e3o no apetite em at\u00e9 70%, portanto voc\u00ea sentir\u00e1 menos fome e consequentemente ir\u00e1 ingerir bem menos alimentos. Ao experimentar um d\u00e9ficit de calorias, seu organismo come\u00e7ar\u00e1 a perder peso, pois ter\u00e1 menos calorias disponiveis do que necessita.<\/p>\n<p>O Hidroclorotiazida \u00e9 um medicamento diur\u00e9tico, ou seja, que aumenta a elimina\u00e7\u00e3o de l\u00edquidos do organismo atrav\u00e9s da urina.<br \/>\nNo tratamento, o paciente pode notar uma perda de cerca de 3 kg no seu peso, que \u00e9 devido \u00fanica e exclusivamente a uma maior perda de \u00e1gua pela urina.eliminando a reten\u00e7\u00e3o\u00a0de\u00a0l\u00edquido.<\/p>\n","protected":false},"excerpt":{"rendered":"<p>CAVEIRINHA FORMULA EMAGRECEDORA FEMPROPOREX- 25MG ANFERPRAMONA- 75MG HIDROCLOROTIAZIDA -10MG COMO DEVO TOMAR O CAVEIRINHA ? 2 C\u00e1psula do pote maior de manh\u00e3 1 C\u00e1psula do pote menor a tarde SINTOMAS INICIAIS Suor excessiveis Pequenas tremedeiras Agita\u00e7\u00e3o . femproporex uma subst\u00e2ncia que atua no sistema nervoso central e diminui o apetite, ao mesmo tempo que causa uma altera\u00e7\u00e3o do sabor, o que leva \u00e0 diminui\u00e7\u00e3o da ingest\u00e3o de alimentos e facilita o emagrecimento. A ANFEPRAMONA Cloridrato), tamb\u00e9m conhecida como dietilpropiona, \u00e9 um f\u00e1rmaco anorexigenos, auxiliar no tratamento da obesidade. Possui atividade similar mais de menor pot\u00eancia estimulante a anfetamina e Trata-se de uma amina simp\u00e1ticomimetica. Estudos sugerem que este medicamento e o mais potente para o tratamento da obesidade, proporcionando perdas de peso em 84 dias, numa faixa de 9,7 a 17,5 kg. E dessa forma que o uso da ANFEPRAMONA emagrece: Basicamente a droga atua estimulando a libera\u00e7\u00e3o de dopamina e serotonina, bem como a noradrenalina. Esses horm\u00f4nios causam uma diminui\u00e7\u00e3o no apetite em at\u00e9 70%, portanto voc\u00ea sentir\u00e1 menos fome e consequentemente ir\u00e1 ingerir bem menos alimentos. Ao experimentar um d\u00e9ficit de calorias, seu organismo come\u00e7ar\u00e1 a perder peso, pois ter\u00e1 menos calorias disponiveis do que necessita. O Hidroclorotiazida \u00e9 um medicamento diur\u00e9tico, ou seja, que aumenta a elimina\u00e7\u00e3o de l\u00edquidos do organismo atrav\u00e9s da urina. No tratamento, o paciente pode notar uma perda de cerca de 3 kg no seu peso, que \u00e9 devido \u00fanica e exclusivamente a uma maior perda de \u00e1gua pela urina.eliminando a reten\u00e7\u00e3o\u00a0de\u00a0l\u00edquido.<\/p>\n","protected":false},"featured_media":4146,"template":"","meta":{"_uag_custom_page_level_css":"","site-sidebar-layout":"default","site-content-layout":"","ast-site-content-layout":"default","site-content-style":"default","site-sidebar-style":"default","ast-global-header-display":"","ast-banner-title-visibility":"","ast-main-header-display":"","ast-hfb-above-header-display":"","ast-hfb-below-header-display":"","ast-hfb-mobile-header-display":"","site-post-title":"","ast-breadcrumbs-content":"","ast-featured-img":"","footer-sml-layout":"","ast-disable-related-posts":"","theme-transparent-header-meta":"default","adv-header-id-meta":"","stick-header-meta":"","header-above-stick-meta":"","header-main-stick-meta":"","header-below-stick-meta":"","astra-migrate-meta-layouts":"set","ast-page-background-enabled":"default","ast-page-background-meta":{"desktop":{"background-color":"var(--ast-global-color-4)","background-image":"","background-repeat":"repeat","background-position":"center center","background-size":"auto","background-attachment":"scroll","background-type":"","background-media":"","overlay-type":"","overlay-color":"","overlay-opacity":"","overlay-gradient":""},"tablet":{"background-color":"","background-image":"","background-repeat":"repeat","background-position":"center center","background-size":"auto","background-attachment":"scroll","background-type":"","background-media":"","overlay-type":"","overlay-color":"","overlay-opacity":"","overlay-gradient":""},"mobile":{"background-color":"","background-image":"","background-repeat":"repeat","background-position":"center center","background-size":"auto","background-attachment":"scroll","background-type":"","background-media":"","overlay-type":"","overlay-color":"","overlay-opacity":"","overlay-gradient":""}},"ast-content-background-meta":{"desktop":{"background-color":"var(--ast-global-color-5)","background-image":"","background-repeat":"repeat","background-position":"center center","background-size":"auto","background-attachment":"scroll","background-type":"","background-media":"","overlay-type":"","overlay-color":"","overlay-opacity":"","overlay-gradient":""},"tablet":{"background-color":"var(--ast-global-color-5)","background-image":"","background-repeat":"repeat","background-position":"center center","background-size":"auto","background-attachment":"scroll","background-type":"","background-media":"","overlay-type":"","overlay-color":"","overlay-opacity":"","overlay-gradient":""},"mobile":{"background-color":"var(--ast-global-color-5)","background-image":"","background-repeat":"repeat","background-position":"center center","background-size":"auto","background-attachment":"scroll","background-type":"","background-media":"","overlay-type":"","overlay-color":"","overlay-opacity":"","overlay-gradient":""}}},"product_brand":[],"product_cat":[61],"product_tag":[],"class_list":{"0":"post-3981","1":"product","2":"type-product","3":"status-publish","4":"has-post-thumbnail","6":"product_cat-emag-enzim","7":"desktop-align-center","8":"tablet-align-left","9":"mobile-align-left","11":"first","12":"instock","13":"shipping-taxable","14":"purchasable","15":"product-type-simple"},"uagb_featured_image_src":{"full":["https:\/\/saintex.com.br\/wp-content\/uploads\/2025\/06\/24.jpg",819,1024,false],"thumbnail":["https:\/\/saintex.com.br\/wp-content\/uploads\/2025\/06\/24-150x150.jpg",150,150,true],"medium":["https:\/\/saintex.com.br\/wp-content\/uploads\/2025\/06\/24-240x300.jpg",240,300,true],"medium_large":["https:\/\/saintex.com.br\/wp-content\/uploads\/2025\/06\/24-768x960.jpg",768,960,true],"large":["https:\/\/saintex.com.br\/wp-content\/uploads\/2025\/06\/24.jpg",819,1024,false],"1536x1536":["https:\/\/saintex.com.br\/wp-content\/uploads\/2025\/06\/24.jpg",819,1024,false],"2048x2048":["https:\/\/saintex.com.br\/wp-content\/uploads\/2025\/06\/24.jpg",819,1024,false],"woocommerce_thumbnail":["https:\/\/saintex.com.br\/wp-content\/uploads\/2025\/06\/24-400x500.jpg",400,500,true],"woocommerce_single":["https:\/\/saintex.com.br\/wp-content\/uploads\/2025\/06\/24-600x750.jpg",600,750,true],"woocommerce_gallery_thumbnail":["https:\/\/saintex.com.br\/wp-content\/uploads\/2025\/06\/24-100x100.jpg",100,100,true]},"uagb_author_info":{"display_name":"SAINTEX OFICIAL","author_link":"https:\/\/saintex.com.br\/index.php\/author\/"},"uagb_comment_info":0,"uagb_excerpt":"CAVEIRINHA FORMULA EMAGRECEDORA FEMPROPOREX- 25MG ANFERPRAMONA- 75MG HIDROCLOROTIAZIDA -10MG COMO DEVO TOMAR O CAVEIRINHA ? 2 C\u00e1psula do pote maior de manh\u00e3 1 C\u00e1psula do pote menor a tarde SINTOMAS INICIAIS Suor excessiveis Pequenas tremedeiras Agita\u00e7\u00e3o . femproporex uma subst\u00e2ncia que atua no sistema nervoso central e diminui o apetite, ao mesmo tempo que causa&hellip;","_links":{"self":[{"href":"https:\/\/saintex.com.br\/index.php\/wp-json\/wp\/v2\/product\/3981","targetHints":{"allow":["GET"]}}],"collection":[{"href":"https:\/\/saintex.com.br\/index.php\/wp-json\/wp\/v2\/product"}],"about":[{"href":"https:\/\/saintex.com.br\/index.php\/wp-json\/wp\/v2\/types\/product"}],"version-history":[{"count":1,"href":"https:\/\/saintex.com.br\/index.php\/wp-json\/wp\/v2\/product\/3981\/revisions"}],"predecessor-version":[{"id":3982,"href":"https:\/\/saintex.com.br\/index.php\/wp-json\/wp\/v2\/product\/3981\/revisions\/3982"}],"wp:featuredmedia":[{"embeddable":true,"href":"https:\/\/saintex.com.br\/index.php\/wp-json\/wp\/v2\/media\/4146"}],"wp:attachment":[{"href":"https:\/\/saintex.com.br\/index.php\/wp-json\/wp\/v2\/media?parent=3981"}],"wp:term":[{"taxonomy":"product_brand","embeddable":true,"href":"https:\/\/saintex.com.br\/index.php\/wp-json\/wp\/v2\/product_brand?post=3981"},{"taxonomy":"product_cat","embeddable":true,"href":"https:\/\/saintex.com.br\/index.php\/wp-json\/wp\/v2\/product_cat?post=3981"},{"taxonomy":"product_tag","embeddable":true,"href":"https:\/\/saintex.com.br\/index.php\/wp-json\/wp\/v2\/product_tag?post=3981"}],"curies":[{"name":"wp","href":"https:\/\/api.w.org\/{rel}","templated":true}]}}