{"id":306,"date":"2024-04-13T10:29:57","date_gmt":"2024-04-13T13:29:57","guid":{"rendered":"https:\/\/frankpharma.me\/?post_type=product&#038;p=306"},"modified":"2025-11-09T20:52:19","modified_gmt":"2025-11-09T23:52:19","slug":"hemogenim-50mg-caps","status":"publish","type":"product","link":"https:\/\/saintex.com.br\/index.php\/produto\/hemogenim-50mg-caps\/","title":{"rendered":"Hemogenin 50mg\/30cps"},"content":{"rendered":"<p>Aumenta o volume e causa for\u00e7a monstruosa (cuidado para n\u00e3o morder os pesos da academia).<\/p>\n<p>N\u00e3o causa reten\u00e7\u00e3o (se voc\u00ea fica com apar\u00eancia retida, pode ser o seu BF alto \u2013 vulgo gordo(a) \u2013 ou n\u00e3o esteja se hidratando corretamente).<\/p>\n<p>Por aumentar os gl\u00f3bulos vermelhos, \u00e9 muito usado no ciclismo, crossfit, lutas e outros esportes que exigem alta performance.<\/p>\n<p>O Hemogenin \u00e9 um ester\u00f3ide oral usado para aumento de massa muscular, for\u00e7a e para esportes que exigem alto n\u00edvel de performance e resist\u00eancia.<\/p>\n<p>Como usar:<br \/>\nO uso no pr\u00e9 treino causa mais explos\u00e3o muscular e o uso dividido traz melhor recupera\u00e7\u00e3o (assim como todos os esteroides orais)<\/p>\n<p>Efeitos desejados:<br \/>\n\u2013 Aumento de for\u00e7a monstruoso;<br \/>\n\u2013 Ganho de massa muscular;<br \/>\n\u2013 Diminui\u00e7\u00e3o do percentual de gordura;<br \/>\n\u2013 Melhora na performance.<\/p>\n<p>Se usado com Durateston e Deca, promove ganhos extraordin\u00e1rios<\/p>\n","protected":false},"excerpt":{"rendered":"<p>30caps 50mg<\/p>\n","protected":false},"featured_media":4290,"template":"","meta":{"_uag_custom_page_level_css":"","site-sidebar-layout":"default","site-content-layout":"","ast-site-content-layout":"default","site-content-style":"default","site-sidebar-style":"default","ast-global-header-display":"","ast-banner-title-visibility":"","ast-main-header-display":"","ast-hfb-above-header-display":"","ast-hfb-below-header-display":"","ast-hfb-mobile-header-display":"","site-post-title":"","ast-breadcrumbs-content":"","ast-featured-img":"","footer-sml-layout":"","ast-disable-related-posts":"","theme-transparent-header-meta":"default","adv-header-id-meta":"","stick-header-meta":"","header-above-stick-meta":"","header-main-stick-meta":"","header-below-stick-meta":"","astra-migrate-meta-layouts":"set","ast-page-background-enabled":"default","ast-page-background-meta":{"desktop":{"background-color":"var(--ast-global-color-4)","background-image":"","background-repeat":"repeat","background-position":"center center","background-size":"auto","background-attachment":"scroll","background-type":"","background-media":"","overlay-type":"","overlay-color":"","overlay-opacity":"","overlay-gradient":""},"tablet":{"background-color":"","background-image":"","background-repeat":"repeat","background-position":"center center","background-size":"auto","background-attachment":"scroll","background-type":"","background-media":"","overlay-type":"","overlay-color":"","overlay-opacity":"","overlay-gradient":""},"mobile":{"background-color":"","background-image":"","background-repeat":"repeat","background-position":"center center","background-size":"auto","background-attachment":"scroll","background-type":"","background-media":"","overlay-type":"","overlay-color":"","overlay-opacity":"","overlay-gradient":""}},"ast-content-background-meta":{"desktop":{"background-color":"var(--ast-global-color-5)","background-image":"","background-repeat":"repeat","background-position":"center center","background-size":"auto","background-attachment":"scroll","background-type":"","background-media":"","overlay-type":"","overlay-color":"","overlay-opacity":"","overlay-gradient":""},"tablet":{"background-color":"var(--ast-global-color-5)","background-image":"","background-repeat":"repeat","background-position":"center center","background-size":"auto","background-attachment":"scroll","background-type":"","background-media":"","overlay-type":"","overlay-color":"","overlay-opacity":"","overlay-gradient":""},"mobile":{"background-color":"var(--ast-global-color-5)","background-image":"","background-repeat":"repeat","background-position":"center center","background-size":"auto","background-attachment":"scroll","background-type":"","background-media":"","overlay-type":"","overlay-color":"","overlay-opacity":"","overlay-gradient":""}}},"product_brand":[],"product_cat":[51,56],"product_tag":[],"class_list":{"0":"post-306","1":"product","2":"type-product","3":"status-publish","4":"has-post-thumbnail","6":"product_cat-saintex-cps","7":"product_cat-saintex-todos","8":"desktop-align-center","9":"tablet-align-left","10":"mobile-align-left","12":"first","13":"instock","14":"shipping-taxable","15":"purchasable","16":"product-type-simple"},"uagb_featured_image_src":{"full":["https:\/\/saintex.com.br\/wp-content\/uploads\/2025\/07\/26-scaled.jpg",2560,2560,false],"thumbnail":["https:\/\/saintex.com.br\/wp-content\/uploads\/2025\/07\/26-150x150.jpg",150,150,true],"medium":["https:\/\/saintex.com.br\/wp-content\/uploads\/2025\/07\/26-300x300.jpg",300,300,true],"medium_large":["https:\/\/saintex.com.br\/wp-content\/uploads\/2025\/07\/26-768x768.jpg",768,768,true],"large":["https:\/\/saintex.com.br\/wp-content\/uploads\/2025\/07\/26-1024x1024.jpg",1024,1024,true],"1536x1536":["https:\/\/saintex.com.br\/wp-content\/uploads\/2025\/07\/26-1536x1536.jpg",1536,1536,true],"2048x2048":["https:\/\/saintex.com.br\/wp-content\/uploads\/2025\/07\/26-2048x2048.jpg",2048,2048,true],"woocommerce_thumbnail":["https:\/\/saintex.com.br\/wp-content\/uploads\/2025\/07\/26-400x400.jpg",400,400,true],"woocommerce_single":["https:\/\/saintex.com.br\/wp-content\/uploads\/2025\/07\/26-600x600.jpg",600,600,true],"woocommerce_gallery_thumbnail":["https:\/\/saintex.com.br\/wp-content\/uploads\/2025\/07\/26-100x100.jpg",100,100,true]},"uagb_author_info":{"display_name":"SAINTEX OFICIAL","author_link":"https:\/\/saintex.com.br\/index.php\/author\/"},"uagb_comment_info":0,"uagb_excerpt":"30caps 50mg","_links":{"self":[{"href":"https:\/\/saintex.com.br\/index.php\/wp-json\/wp\/v2\/product\/306","targetHints":{"allow":["GET"]}}],"collection":[{"href":"https:\/\/saintex.com.br\/index.php\/wp-json\/wp\/v2\/product"}],"about":[{"href":"https:\/\/saintex.com.br\/index.php\/wp-json\/wp\/v2\/types\/product"}],"version-history":[{"count":9,"href":"https:\/\/saintex.com.br\/index.php\/wp-json\/wp\/v2\/product\/306\/revisions"}],"predecessor-version":[{"id":1721,"href":"https:\/\/saintex.com.br\/index.php\/wp-json\/wp\/v2\/product\/306\/revisions\/1721"}],"wp:featuredmedia":[{"embeddable":true,"href":"https:\/\/saintex.com.br\/index.php\/wp-json\/wp\/v2\/media\/4290"}],"wp:attachment":[{"href":"https:\/\/saintex.com.br\/index.php\/wp-json\/wp\/v2\/media?parent=306"}],"wp:term":[{"taxonomy":"product_brand","embeddable":true,"href":"https:\/\/saintex.com.br\/index.php\/wp-json\/wp\/v2\/product_brand?post=306"},{"taxonomy":"product_cat","embeddable":true,"href":"https:\/\/saintex.com.br\/index.php\/wp-json\/wp\/v2\/product_cat?post=306"},{"taxonomy":"product_tag","embeddable":true,"href":"https:\/\/saintex.com.br\/index.php\/wp-json\/wp\/v2\/product_tag?post=306"}],"curies":[{"name":"wp","href":"https:\/\/api.w.org\/{rel}","templated":true}]}}