{"id":302,"date":"2024-04-13T10:29:57","date_gmt":"2024-04-13T13:29:57","guid":{"rendered":"https:\/\/frankpharma.me\/?post_type=product&#038;p=302"},"modified":"2025-11-09T20:53:13","modified_gmt":"2025-11-09T23:53:13","slug":"acetato-de-trembolona-25ml","status":"publish","type":"product","link":"https:\/\/saintex.com.br\/index.php\/produto\/acetato-de-trembolona-25ml\/","title":{"rendered":"Trembolona Acetato 100mg\/25ml"},"content":{"rendered":"<p>A trembolona talvez esteja entre os esteroides anabolizantes mais famosos da atualidade e ainda, est\u00e1 tamb\u00e9m entre os mais utilizados no mundo do fisiculturismo, seja ele amador ou profissional.<\/p>\n<p>&nbsp;<\/p>\n<p>Seus efeitos fazem com proporcione resultados \u00fanicos, como nenhum outro \u00e9 capaz de fazer.<\/p>\n<p>&nbsp;<\/p>\n<p>O acetato de Trembolona \u00e9 um tipo de trembolona com meia vida mais curta, por isso com um efeito mais agudo.<\/p>\n<p>&nbsp;<\/p>\n<p>Como usar:<\/p>\n<p>A meia vida do acetato de Trembolona \u00e9 de 2 dias dias sendo usada geralmente dia sim dia n\u00e3o por atletas de alto n\u00edvel. Um ml de Acetato de trembolona cont\u00e9m 100 mg. As doses do Acetato de trembolona variam entre 100 mg a 400 mg por semana (1 ml a 4 ml).<\/p>\n<p>&nbsp;<\/p>\n<p>Efeitos desejados:<\/p>\n<p>\u2013 Ganho de for\u00e7a<\/p>\n<p>\u2013 Aumento de massa magra<\/p>\n<p>\u2013 Intensa queima de gordura<\/p>\n<p>&nbsp;<\/p>\n<p>Combine com Stano (estanozolol) e Enantato de testosterona para queima de gordura, e com Enantato de testosterona e Hemogenin para ganho de massa magra e obtenha melhores resultados.<\/p>\n","protected":false},"excerpt":{"rendered":"<p>25ml 200mg<\/p>\n","protected":false},"featured_media":4279,"template":"","meta":{"_uag_custom_page_level_css":"","site-sidebar-layout":"default","site-content-layout":"","ast-site-content-layout":"default","site-content-style":"default","site-sidebar-style":"default","ast-global-header-display":"","ast-banner-title-visibility":"","ast-main-header-display":"","ast-hfb-above-header-display":"","ast-hfb-below-header-display":"","ast-hfb-mobile-header-display":"","site-post-title":"","ast-breadcrumbs-content":"","ast-featured-img":"","footer-sml-layout":"","ast-disable-related-posts":"","theme-transparent-header-meta":"default","adv-header-id-meta":"","stick-header-meta":"","header-above-stick-meta":"","header-main-stick-meta":"","header-below-stick-meta":"","astra-migrate-meta-layouts":"set","ast-page-background-enabled":"default","ast-page-background-meta":{"desktop":{"background-color":"var(--ast-global-color-4)","background-image":"","background-repeat":"repeat","background-position":"center center","background-size":"auto","background-attachment":"scroll","background-type":"","background-media":"","overlay-type":"","overlay-color":"","overlay-opacity":"","overlay-gradient":""},"tablet":{"background-color":"","background-image":"","background-repeat":"repeat","background-position":"center center","background-size":"auto","background-attachment":"scroll","background-type":"","background-media":"","overlay-type":"","overlay-color":"","overlay-opacity":"","overlay-gradient":""},"mobile":{"background-color":"","background-image":"","background-repeat":"repeat","background-position":"center center","background-size":"auto","background-attachment":"scroll","background-type":"","background-media":"","overlay-type":"","overlay-color":"","overlay-opacity":"","overlay-gradient":""}},"ast-content-background-meta":{"desktop":{"background-color":"var(--ast-global-color-5)","background-image":"","background-repeat":"repeat","background-position":"center center","background-size":"auto","background-attachment":"scroll","background-type":"","background-media":"","overlay-type":"","overlay-color":"","overlay-opacity":"","overlay-gradient":""},"tablet":{"background-color":"var(--ast-global-color-5)","background-image":"","background-repeat":"repeat","background-position":"center center","background-size":"auto","background-attachment":"scroll","background-type":"","background-media":"","overlay-type":"","overlay-color":"","overlay-opacity":"","overlay-gradient":""},"mobile":{"background-color":"var(--ast-global-color-5)","background-image":"","background-repeat":"repeat","background-position":"center center","background-size":"auto","background-attachment":"scroll","background-type":"","background-media":"","overlay-type":"","overlay-color":"","overlay-opacity":"","overlay-gradient":""}}},"product_brand":[],"product_cat":[54,56],"product_tag":[],"class_list":{"0":"post-302","1":"product","2":"type-product","3":"status-publish","4":"has-post-thumbnail","6":"product_cat-saintex-25ml","7":"product_cat-saintex-todos","8":"desktop-align-center","9":"tablet-align-left","10":"mobile-align-left","12":"first","13":"instock","14":"shipping-taxable","15":"purchasable","16":"product-type-simple"},"uagb_featured_image_src":{"full":["https:\/\/saintex.com.br\/wp-content\/uploads\/2025\/07\/15-scaled.jpg",2560,2560,false],"thumbnail":["https:\/\/saintex.com.br\/wp-content\/uploads\/2025\/07\/15-150x150.jpg",150,150,true],"medium":["https:\/\/saintex.com.br\/wp-content\/uploads\/2025\/07\/15-300x300.jpg",300,300,true],"medium_large":["https:\/\/saintex.com.br\/wp-content\/uploads\/2025\/07\/15-768x768.jpg",768,768,true],"large":["https:\/\/saintex.com.br\/wp-content\/uploads\/2025\/07\/15-1024x1024.jpg",1024,1024,true],"1536x1536":["https:\/\/saintex.com.br\/wp-content\/uploads\/2025\/07\/15-1536x1536.jpg",1536,1536,true],"2048x2048":["https:\/\/saintex.com.br\/wp-content\/uploads\/2025\/07\/15-2048x2048.jpg",2048,2048,true],"woocommerce_thumbnail":["https:\/\/saintex.com.br\/wp-content\/uploads\/2025\/07\/15-400x400.jpg",400,400,true],"woocommerce_single":["https:\/\/saintex.com.br\/wp-content\/uploads\/2025\/07\/15-600x600.jpg",600,600,true],"woocommerce_gallery_thumbnail":["https:\/\/saintex.com.br\/wp-content\/uploads\/2025\/07\/15-100x100.jpg",100,100,true]},"uagb_author_info":{"display_name":"SAINTEX OFICIAL","author_link":"https:\/\/saintex.com.br\/index.php\/author\/"},"uagb_comment_info":0,"uagb_excerpt":"25ml 200mg","_links":{"self":[{"href":"https:\/\/saintex.com.br\/index.php\/wp-json\/wp\/v2\/product\/302","targetHints":{"allow":["GET"]}}],"collection":[{"href":"https:\/\/saintex.com.br\/index.php\/wp-json\/wp\/v2\/product"}],"about":[{"href":"https:\/\/saintex.com.br\/index.php\/wp-json\/wp\/v2\/types\/product"}],"version-history":[{"count":14,"href":"https:\/\/saintex.com.br\/index.php\/wp-json\/wp\/v2\/product\/302\/revisions"}],"predecessor-version":[{"id":4453,"href":"https:\/\/saintex.com.br\/index.php\/wp-json\/wp\/v2\/product\/302\/revisions\/4453"}],"wp:featuredmedia":[{"embeddable":true,"href":"https:\/\/saintex.com.br\/index.php\/wp-json\/wp\/v2\/media\/4279"}],"wp:attachment":[{"href":"https:\/\/saintex.com.br\/index.php\/wp-json\/wp\/v2\/media?parent=302"}],"wp:term":[{"taxonomy":"product_brand","embeddable":true,"href":"https:\/\/saintex.com.br\/index.php\/wp-json\/wp\/v2\/product_brand?post=302"},{"taxonomy":"product_cat","embeddable":true,"href":"https:\/\/saintex.com.br\/index.php\/wp-json\/wp\/v2\/product_cat?post=302"},{"taxonomy":"product_tag","embeddable":true,"href":"https:\/\/saintex.com.br\/index.php\/wp-json\/wp\/v2\/product_tag?post=302"}],"curies":[{"name":"wp","href":"https:\/\/api.w.org\/{rel}","templated":true}]}}