{"id":287,"date":"2024-04-13T10:29:56","date_gmt":"2024-04-13T13:29:56","guid":{"rendered":"https:\/\/frankpharma.me\/?post_type=product&#038;p=287"},"modified":"2025-09-01T16:12:51","modified_gmt":"2025-09-01T19:12:51","slug":"enantato-de-trembolona","status":"publish","type":"product","link":"https:\/\/saintex.com.br\/index.php\/produto\/enantato-de-trembolona\/","title":{"rendered":"Trembolona Enantato 200mg\/10ml"},"content":{"rendered":"<p>O enantato de Trembolona \u00e9 um tipo de trembolona com meia vida mais longa, por isso com mais potencial de empilhamento do que o acetato. A meia vida do enantato de Trembolona \u00e9 de 7 dias e \u00e9 usada geralmente 2 vezes na semana por atletas de alto n\u00edvel (ex: segunda e sexta). H\u00e1 op\u00e7\u00e3o de usar o enantato de Trembolona uma vez a cada 7 dias mas n\u00e3o \u00e9 indicado.<\/p>\n<p>O enantato de Trembolona \u00e9 um tipo de trembolona com meia vida mais longa, por isso com mais potencial de empilhamento do que o acetato.<\/p>\n<p>Como usar:<br \/>\nA meia vida do enantato de Trembolona \u00e9 de 7 dias sendo usada geralmente 2 vezes na semana por atletas de alto n\u00edvel (ex: segunda e sexta). H\u00e1 op\u00e7\u00e3o de usar o enantato de Trembolona uma vez a cada 7 dias, mas n\u00e3o \u00e9 indicado. Um ml de Enantato de trembolona cont\u00e9m 150 mg. As doses do enantato de trembolona variam entre 150 mg a 450 mg por semana (1 ml a 3 ml) que ir\u00e3o se dividir, por exemplo, 2 vezes na semana: 1ml segunda e 1ml sexta (300 mg por semana) sendo o mais comum.<\/p>\n<p>Efeitos desejados:<br \/>\n\u2013 Ganho de for\u00e7a<br \/>\n\u2013 Aumento de massa magra<br \/>\n\u2013 Intensa queima de gordura<\/p>\n<p>Geralmente combinado com Stano (estanozolol) e Enantato de testosterona para queima de gordura, e para ganho de massa magra o enantato de testosterona combine com Enantato de testosterona e Hemogenin.<\/p>\n","protected":false},"excerpt":{"rendered":"<p>O enantato de Trembolona \u00e9 um tipo de trembolona com meia vida mais longa, por isso com mais potencial de empilhamento do que o acetato. A meia vida do enantato de Trembolona \u00e9 de 7 dias e \u00e9 usada geralmente 2 vezes na semana por atletas de alto n\u00edvel (ex: segunda e sexta). H\u00e1 op\u00e7\u00e3o de usar o enantato de Trembolona uma vez a cada 7 dias mas n\u00e3o \u00e9 indicado. O enantato de Trembolona \u00e9 um tipo de trembolona com meia vida mais longa, por isso com mais potencial de empilhamento do que o acetato. Como usar: A meia vida do enantato de Trembolona \u00e9 de 7 dias sendo usada geralmente 2 vezes na semana por atletas de alto n\u00edvel (ex: segunda e sexta). H\u00e1 op\u00e7\u00e3o de usar o enantato de Trembolona uma vez a cada 7 dias, mas n\u00e3o \u00e9 indicado. Um ml de Enantato de trembolona cont\u00e9m 150 mg. As doses do enantato de trembolona variam entre 150 mg a 450 mg por semana (1 ml a 3 ml) que ir\u00e3o se dividir, por exemplo, 2 vezes na semana: 1ml segunda e 1ml sexta (300 mg por semana) sendo o mais comum. Efeitos desejados: \u2013 Ganho de for\u00e7a \u2013 Aumento de massa magra \u2013 Intensa queima de gordura Geralmente combinado com Stano (estanozolol) e Enantato de testosterona para queima de gordura, e para ganho de massa magra o enantato de testosterona combine com Enantato de testosterona e Hemogenin.<\/p>\n","protected":false},"featured_media":4278,"template":"","meta":{"_uag_custom_page_level_css":"","site-sidebar-layout":"default","site-content-layout":"","ast-site-content-layout":"default","site-content-style":"default","site-sidebar-style":"default","ast-global-header-display":"","ast-banner-title-visibility":"","ast-main-header-display":"","ast-hfb-above-header-display":"","ast-hfb-below-header-display":"","ast-hfb-mobile-header-display":"","site-post-title":"","ast-breadcrumbs-content":"","ast-featured-img":"","footer-sml-layout":"","ast-disable-related-posts":"","theme-transparent-header-meta":"default","adv-header-id-meta":"","stick-header-meta":"","header-above-stick-meta":"","header-main-stick-meta":"","header-below-stick-meta":"","astra-migrate-meta-layouts":"set","ast-page-background-enabled":"default","ast-page-background-meta":{"desktop":{"background-color":"var(--ast-global-color-4)","background-image":"","background-repeat":"repeat","background-position":"center center","background-size":"auto","background-attachment":"scroll","background-type":"","background-media":"","overlay-type":"","overlay-color":"","overlay-opacity":"","overlay-gradient":""},"tablet":{"background-color":"","background-image":"","background-repeat":"repeat","background-position":"center center","background-size":"auto","background-attachment":"scroll","background-type":"","background-media":"","overlay-type":"","overlay-color":"","overlay-opacity":"","overlay-gradient":""},"mobile":{"background-color":"","background-image":"","background-repeat":"repeat","background-position":"center center","background-size":"auto","background-attachment":"scroll","background-type":"","background-media":"","overlay-type":"","overlay-color":"","overlay-opacity":"","overlay-gradient":""}},"ast-content-background-meta":{"desktop":{"background-color":"var(--ast-global-color-5)","background-image":"","background-repeat":"repeat","background-position":"center center","background-size":"auto","background-attachment":"scroll","background-type":"","background-media":"","overlay-type":"","overlay-color":"","overlay-opacity":"","overlay-gradient":""},"tablet":{"background-color":"var(--ast-global-color-5)","background-image":"","background-repeat":"repeat","background-position":"center center","background-size":"auto","background-attachment":"scroll","background-type":"","background-media":"","overlay-type":"","overlay-color":"","overlay-opacity":"","overlay-gradient":""},"mobile":{"background-color":"var(--ast-global-color-5)","background-image":"","background-repeat":"repeat","background-position":"center center","background-size":"auto","background-attachment":"scroll","background-type":"","background-media":"","overlay-type":"","overlay-color":"","overlay-opacity":"","overlay-gradient":""}}},"product_brand":[],"product_cat":[53,56],"product_tag":[],"class_list":{"0":"post-287","1":"product","2":"type-product","3":"status-publish","4":"has-post-thumbnail","6":"product_cat-saintex-10ml-15ml","7":"product_cat-saintex-todos","8":"desktop-align-center","9":"tablet-align-left","10":"mobile-align-left","12":"first","13":"instock","14":"shipping-taxable","15":"purchasable","16":"product-type-simple"},"uagb_featured_image_src":{"full":["https:\/\/saintex.com.br\/wp-content\/uploads\/2025\/07\/14-scaled.jpg",2560,2560,false],"thumbnail":["https:\/\/saintex.com.br\/wp-content\/uploads\/2025\/07\/14-150x150.jpg",150,150,true],"medium":["https:\/\/saintex.com.br\/wp-content\/uploads\/2025\/07\/14-300x300.jpg",300,300,true],"medium_large":["https:\/\/saintex.com.br\/wp-content\/uploads\/2025\/07\/14-768x768.jpg",768,768,true],"large":["https:\/\/saintex.com.br\/wp-content\/uploads\/2025\/07\/14-1024x1024.jpg",1024,1024,true],"1536x1536":["https:\/\/saintex.com.br\/wp-content\/uploads\/2025\/07\/14-1536x1536.jpg",1536,1536,true],"2048x2048":["https:\/\/saintex.com.br\/wp-content\/uploads\/2025\/07\/14-2048x2048.jpg",2048,2048,true],"woocommerce_thumbnail":["https:\/\/saintex.com.br\/wp-content\/uploads\/2025\/07\/14-400x400.jpg",400,400,true],"woocommerce_single":["https:\/\/saintex.com.br\/wp-content\/uploads\/2025\/07\/14-600x600.jpg",600,600,true],"woocommerce_gallery_thumbnail":["https:\/\/saintex.com.br\/wp-content\/uploads\/2025\/07\/14-100x100.jpg",100,100,true]},"uagb_author_info":{"display_name":"SAINTEX OFICIAL","author_link":"https:\/\/saintex.com.br\/index.php\/author\/"},"uagb_comment_info":0,"uagb_excerpt":"O enantato de Trembolona \u00e9 um tipo de trembolona com meia vida mais longa, por isso com mais potencial de empilhamento do que o acetato. A meia vida do enantato de Trembolona \u00e9 de 7 dias e \u00e9 usada geralmente 2 vezes na semana por atletas de alto n\u00edvel (ex: segunda e sexta). H\u00e1 op\u00e7\u00e3o&hellip;","_links":{"self":[{"href":"https:\/\/saintex.com.br\/index.php\/wp-json\/wp\/v2\/product\/287","targetHints":{"allow":["GET"]}}],"collection":[{"href":"https:\/\/saintex.com.br\/index.php\/wp-json\/wp\/v2\/product"}],"about":[{"href":"https:\/\/saintex.com.br\/index.php\/wp-json\/wp\/v2\/types\/product"}],"version-history":[{"count":12,"href":"https:\/\/saintex.com.br\/index.php\/wp-json\/wp\/v2\/product\/287\/revisions"}],"predecessor-version":[{"id":4384,"href":"https:\/\/saintex.com.br\/index.php\/wp-json\/wp\/v2\/product\/287\/revisions\/4384"}],"wp:featuredmedia":[{"embeddable":true,"href":"https:\/\/saintex.com.br\/index.php\/wp-json\/wp\/v2\/media\/4278"}],"wp:attachment":[{"href":"https:\/\/saintex.com.br\/index.php\/wp-json\/wp\/v2\/media?parent=287"}],"wp:term":[{"taxonomy":"product_brand","embeddable":true,"href":"https:\/\/saintex.com.br\/index.php\/wp-json\/wp\/v2\/product_brand?post=287"},{"taxonomy":"product_cat","embeddable":true,"href":"https:\/\/saintex.com.br\/index.php\/wp-json\/wp\/v2\/product_cat?post=287"},{"taxonomy":"product_tag","embeddable":true,"href":"https:\/\/saintex.com.br\/index.php\/wp-json\/wp\/v2\/product_tag?post=287"}],"curies":[{"name":"wp","href":"https:\/\/api.w.org\/{rel}","templated":true}]}}